{"id":10,"date":"2023-07-25T20:14:58","date_gmt":"2023-07-25T18:14:58","guid":{"rendered":"http:\/\/www.dimobel.be\/?page_id=10"},"modified":"2024-08-22T20:24:03","modified_gmt":"2024-08-22T18:24:03","slug":"projet-dimobel","status":"publish","type":"page","link":"https:\/\/www.dimobel.be\/index.php\/projet-dimobel\/","title":{"rendered":"Projet DIMOBEL"},"content":{"rendered":"<p style=\"font-weight: 400;\">Le projet DIMOBEL a d\u00e9marr\u00e9 ses activit\u00e9s en septembre 2023 avec l&#8217;objectif de r\u00e9aliser 5 activit\u00e9s en vue de structurer le projet de Digital Lab. Tout d\u2019abord, il s\u2019est agit d\u2019organiser et structurer les interactions \u00e0 l\u2019aide d\u2019une plateforme collaborative digitale au service des stakeholders de la coop\u00e9ration \u00e9conomique (<strong>Activit\u00e9 1<\/strong>). La plateforme a \u00e9galement accueilli une universit\u00e9 d\u2019automne en ligne (<strong>Activit\u00e9 2<\/strong>). DIMOBEL a ensuite propos\u00e9 l\u2019organisation d\u2019un colloque en pr\u00e9sentiel (<strong>Activit\u00e9 3<\/strong>) ainsi qu\u2019un \u00e9v\u00e9nement consacr\u00e9 \u00e0 l\u2019animation \u00e9conomique, l\u2019accompagnement et le soutien \u00e0 l\u2019entrepreneuriat (<strong>Activit\u00e9 4<\/strong>).<\/p>\n<p style=\"font-weight: 400;\">DIMOBEL s\u2019inscrit en rupture avec toute vision nostalgique ou pass\u00e9iste de la migration marocaine en Belgique. Au contraire la <strong>contribution sp\u00e9cifique et distinctive de DIMOBEL est de se projeter dans le futur. Il vise d\u00e8s le d\u00e9part \u00e0 formuler une proposition de p\u00e9rennisation des comm\u00e9morations des 60 ans <\/strong>de collaboration entre les deux pays. Les porteurs du projet cherchent \u00e0 viabiliser les acquis de la comm\u00e9moration en transformant DIMOBEL en un consortium p\u00e9renne d\u2019assistance technique aux projets entrepreneuriaux d\u2019int\u00e9r\u00eat commun au Maroc et \u00e0 la Belgique (<strong>Activit\u00e9 5<\/strong>).<\/p>\n<p><strong>OBJECTIFS GENERAUX<\/strong><\/p>\n<p style=\"font-weight: 400;\">Les 3 objectifs centraux de DIMOBEL sont :<\/p>\n<ol>\n<li style=\"font-weight: 400;\">Organiser en 2023 et 2024 un processus de r\u00e9flexion commune et d\u2019action conjointe entre les partenaires du projet \u00e0 l\u2019occasion des comm\u00e9morations des 60 ans de l\u2019accord bilat\u00e9ral belgo-marocain en utilisant notamment des outils de collaboration digitale<\/li>\n<li style=\"font-weight: 400;\"><span style=\"font-size: inherit;\">Promouvoir la coop\u00e9ration \u00e9conomique et le r\u00f4le entrepreneurial des Belges au Maroc, des Marocains de Belgique et des binationaux \u00e0 travers un programme de 5 activit\u00e9s concr\u00e8tes<br \/>\n<\/span><\/li>\n<li style=\"font-weight: 400;\"><span style=\"font-size: inherit;\">P\u00e9renniser la comm\u00e9moration \u00e0 travers la mise en place d\u2019un consortium belgo-marocain d\u2019assistance technique aux projets d\u2019int\u00e9r\u00eat commun port\u00e9s par les entreprises des deux pays.<\/span><\/li>\n<\/ol>\n<p><strong>OBJECTIFS SPECIFIQUES<\/strong><\/p>\n<ol>\n<li style=\"font-weight: 400;\">\u0152uvrer au d\u00e9veloppement et \u00e0 la mise en r\u00e9seaux des acteurs de la coop\u00e9ration \u00e9conomique bilat\u00e9rale belgo-marocaine (entreprises, universit\u00e9s, services d\u2019accompagnement \u00e0 l\u2019investissement et \u00e0 la cr\u00e9ation d\u2019entreprise, etc.) via l\u2019acquisition des droits et le d\u00e9veloppement d\u2019une plateforme de collaboration digitale<\/li>\n<li style=\"font-weight: 400;\">Cr\u00e9er, sous la forme d\u2019une universit\u00e9 d\u2019\u00e9t\u00e9 digitale, un lieu de partage de savoirs, d\u2019acquisition de nouvelles comp\u00e9tences et de formation centr\u00e9 sur les questions d\u2019entrepreneuriat en faveur de jeunes apprenants en Belgique et au Maroc.<\/li>\n<li style=\"font-weight: 400;\"><span style=\"font-size: inherit;\"><span style=\"font-size: inherit;\">Contribuer \u00e0 un \u00e9tat des savoirs permettant d\u2019\u00e9tablir des diagnostics communs \u00e0 travers l\u2019organisation d\u2019un grand colloque \u00e0 Bruxelles \u00e0 l\u2019occasion des 60 ans de l\u2019accord bilat\u00e9ral belgo-marocain.<\/span><\/span><\/li>\n<li style=\"font-weight: 400;\"><span style=\"font-size: inherit;\"><span style=\"font-size: inherit;\">Favoriser la mise en r\u00e9seau des professionnels de l\u2019accompagnement, de l\u2019animation \u00e9conomique et du soutien \u00e0 l\u2019entrepreneuriat \u00e0 travers l\u2019organisation d\u2019une r\u00e9union en pr\u00e9sentiel \u00e0 Oujda.<\/span><\/span><\/li>\n<li style=\"font-weight: 400;\"><span style=\"font-size: inherit;\">Organiser une rencontre de suivi au Maroc permettant de jeter les bases d\u2019un consortium de suivi et d\u2019animation \u00e9conomique charg\u00e9 d\u2019assister le d\u00e9veloppement des projets entrepreneuriaux qui se d\u00e9veloppent dans le corridor \u00e9conomique belgo-marocain.<\/span><\/li>\n<\/ol>\n","protected":false},"excerpt":{"rendered":"<p>Le projet DIMOBEL a d\u00e9marr\u00e9 ses activit\u00e9s en septembre 2023 avec l&#8217;objectif de r\u00e9aliser 5 activit\u00e9s en vue de structurer le projet de Digital Lab. Tout d\u2019abord, il s\u2019est agit d\u2019organiser et structurer les interactions \u00e0 l\u2019aide d\u2019une plateforme collaborative digitale au service des stakeholders de la coop\u00e9ration \u00e9conomique (Activit\u00e9 1). La plateforme a \u00e9galement &#8230; <a title=\"Projet DIMOBEL\" class=\"read-more\" href=\"https:\/\/www.dimobel.be\/index.php\/projet-dimobel\/\" aria-label=\"More on Projet DIMOBEL\">Read more<\/a><\/p>\n","protected":false},"author":1,"featured_media":0,"parent":0,"menu_order":0,"comment_status":"closed","ping_status":"closed","template":"","meta":{"footnotes":""},"class_list":["post-10","page","type-page","status-publish"],"_links":{"self":[{"href":"https:\/\/www.dimobel.be\/index.php\/wp-json\/wp\/v2\/pages\/10","targetHints":{"allow":["GET"]}}],"collection":[{"href":"https:\/\/www.dimobel.be\/index.php\/wp-json\/wp\/v2\/pages"}],"about":[{"href":"https:\/\/www.dimobel.be\/index.php\/wp-json\/wp\/v2\/types\/page"}],"author":[{"embeddable":true,"href":"https:\/\/www.dimobel.be\/index.php\/wp-json\/wp\/v2\/users\/1"}],"replies":[{"embeddable":true,"href":"https:\/\/www.dimobel.be\/index.php\/wp-json\/wp\/v2\/comments?post=10"}],"version-history":[{"count":8,"href":"https:\/\/www.dimobel.be\/index.php\/wp-json\/wp\/v2\/pages\/10\/revisions"}],"predecessor-version":[{"id":209,"href":"https:\/\/www.dimobel.be\/index.php\/wp-json\/wp\/v2\/pages\/10\/revisions\/209"}],"wp:attachment":[{"href":"https:\/\/www.dimobel.be\/index.php\/wp-json\/wp\/v2\/media?parent=10"}],"curies":[{"name":"wp","href":"https:\/\/api.w.org\/{rel}","templated":true}]}}