{"id":62,"date":"2023-07-25T21:43:08","date_gmt":"2023-07-25T19:43:08","guid":{"rendered":"http:\/\/www.dimobel.be\/?page_id=62"},"modified":"2024-01-23T23:41:35","modified_gmt":"2024-01-23T22:41:35","slug":"activite-2","status":"publish","type":"page","link":"https:\/\/www.dimobel.be\/index.php\/activite-2\/","title":{"rendered":"Activit\u00e9 2 &#8211; Universit\u00e9 d&#8217;automne, D\u00e9cembre 2023"},"content":{"rendered":"<p style=\"font-weight: 400;\">L&#8217;universit\u00e9 d&#8217;automne du projet DIMOBEL a eu lieu en ligne les mardi 12, mercredi 13 et jeudi 14 d\u00e9cembre 2023. Elle avait pour objectifs pratiques d\u2019offrir un lieu de formation, de partage d\u2019analyses, d\u2019acquisition de nouvelles comp\u00e9tences, de r\u00e9seautage et d\u2019\u00e9change de bonne pratiques. Elle a connu un franc succ\u00e8s.<\/p>\n<p style=\"font-weight: 400;\">Elle visait \u00e0 rassembler en ligne une vingtaine de participants dont 10 apprenants marocains (dont au moins 5 de l\u2019Oriental) et 10 apprenants Belges (dont au moins 5 binationaux Belgo-marocains). Le public vis\u00e9 sera constitu\u00e9 d\u2019\u00e9tudiants en master 1 ou master 2. Ceux-ci seront admis sur base d\u2019un dossier.<\/p>\n<p><strong>Le consortium DIMOBEL s&#8217;attache actuellement \u00e0 faire le montage des vid\u00e9os enregistr\u00e9es en vue d&#8217;en assurer une large diffusion.<\/strong><\/p>\n<p style=\"font-weight: 400;\">M\u00e9thodologiquement, le projet s\u2019est organis\u00e9 en plusieurs \u00e9tapes :<\/p>\n<p>Avant l\u2019\u00e9v\u00e9nement<\/p>\n<ul>\n<li>Appel \u00e0 candidature via r\u00e9seaux universitaires et associatifs<\/li>\n<li>S\u00e9lection des candidats par un jury compos\u00e9 des partenaires<\/li>\n<li>Organisation d\u2019une s\u00e9ance pr\u00e9alable de pr\u00e9sentation des candidats et des formateurs<\/li>\n<li>Diffusion d\u2019un textbook \u00e0 l\u2019attention des apprenants<\/li>\n<li>Cr\u00e9ation d\u2019un groupe d\u2019\u00e9change sur Slack<\/li>\n<\/ul>\n<p>L\u2019\u00e9v\u00e9nement<\/p>\n<ul>\n<li>Participation aux trois matin\u00e9es de formation<\/li>\n<li>Participation attendue aux \u00e9changes et interactions pr\u00e9vues \u00e0 la fin de chaque matin\u00e9e.<\/li>\n<\/ul>\n<p>Apr\u00e8s l\u2019\u00e9v\u00e9nement<\/p>\n<ul>\n<li>R\u00e9daction collective du rapport final (apprenants et formateurs)<\/li>\n<li>Poursuite libre des \u00e9changes dans le groupe Slack et sur la plateforme B2Match<\/li>\n<\/ul>\n","protected":false},"excerpt":{"rendered":"<p>L&#8217;universit\u00e9 d&#8217;automne du projet DIMOBEL a eu lieu en ligne les mardi 12, mercredi 13 et jeudi 14 d\u00e9cembre 2023. Elle avait pour objectifs pratiques d\u2019offrir un lieu de formation, de partage d\u2019analyses, d\u2019acquisition de nouvelles comp\u00e9tences, de r\u00e9seautage et d\u2019\u00e9change de bonne pratiques. Elle a connu un franc succ\u00e8s. Elle visait \u00e0 rassembler en &#8230; <a title=\"Activit\u00e9 2 &#8211; Universit\u00e9 d&#8217;automne, D\u00e9cembre 2023\" class=\"read-more\" href=\"https:\/\/www.dimobel.be\/index.php\/activite-2\/\" aria-label=\"More on Activit\u00e9 2 &#8211; Universit\u00e9 d&#8217;automne, D\u00e9cembre 2023\">Read more<\/a><\/p>\n","protected":false},"author":1,"featured_media":163,"parent":0,"menu_order":0,"comment_status":"closed","ping_status":"closed","template":"","meta":{"footnotes":""},"class_list":["post-62","page","type-page","status-publish","has-post-thumbnail"],"_links":{"self":[{"href":"https:\/\/www.dimobel.be\/index.php\/wp-json\/wp\/v2\/pages\/62","targetHints":{"allow":["GET"]}}],"collection":[{"href":"https:\/\/www.dimobel.be\/index.php\/wp-json\/wp\/v2\/pages"}],"about":[{"href":"https:\/\/www.dimobel.be\/index.php\/wp-json\/wp\/v2\/types\/page"}],"author":[{"embeddable":true,"href":"https:\/\/www.dimobel.be\/index.php\/wp-json\/wp\/v2\/users\/1"}],"replies":[{"embeddable":true,"href":"https:\/\/www.dimobel.be\/index.php\/wp-json\/wp\/v2\/comments?post=62"}],"version-history":[{"count":12,"href":"https:\/\/www.dimobel.be\/index.php\/wp-json\/wp\/v2\/pages\/62\/revisions"}],"predecessor-version":[{"id":202,"href":"https:\/\/www.dimobel.be\/index.php\/wp-json\/wp\/v2\/pages\/62\/revisions\/202"}],"wp:featuredmedia":[{"embeddable":true,"href":"https:\/\/www.dimobel.be\/index.php\/wp-json\/wp\/v2\/media\/163"}],"wp:attachment":[{"href":"https:\/\/www.dimobel.be\/index.php\/wp-json\/wp\/v2\/media?parent=62"}],"curies":[{"name":"wp","href":"https:\/\/api.w.org\/{rel}","templated":true}]}}